{"id":1326,"date":"2022-02-24T05:04:17","date_gmt":"2022-02-24T05:04:17","guid":{"rendered":"https:\/\/situada.online\/index.php\/services\/"},"modified":"2025-04-30T19:02:25","modified_gmt":"2025-04-30T23:02:25","slug":"nosotras","status":"publish","type":"page","link":"https:\/\/situada.online\/en\/nosotras\/","title":{"rendered":"About Us"},"content":{"rendered":"<div class=\"wp-block-uagb-container uagb-block-ae0bc409 alignfull uagb-is-root-container\"><div class=\"uagb-container-inner-blocks-wrap\">\n<div class=\"wp-block-uagb-advanced-heading uagb-block-59973544\"><h1 class=\"uagb-heading-text\">About Us<\/h1><\/div>\n<\/div><\/div>\n\n\n\n<div style=\"height:100px\" aria-hidden=\"true\" class=\"wp-block-spacer\"><\/div>\n\n\n\n<div class=\"wp-block-uagb-container uagb-block-8b82b17f alignfull uagb-is-root-container\"><div class=\"uagb-container-inner-blocks-wrap\">\n<div class=\"wp-block-uagb-container uagb-block-1c2185d3 alignwide uagb-is-root-container\">\n<div class=\"wp-block-uagb-container uagb-block-f3bc58f2\">\n<figure class=\"wp-block-image aligncenter size-large is-resized\"><img loading=\"lazy\" decoding=\"async\" width=\"768\" height=\"1024\" src=\"https:\/\/situada.online\/wp-content\/uploads\/2024\/10\/Constanza-Gonzalez-Veliz_Octubre_2024-768x1024.jpg\" alt=\"\" class=\"wp-image-3956\" style=\"width:307px;height:auto\" srcset=\"https:\/\/situada.online\/wp-content\/uploads\/2024\/10\/Constanza-Gonzalez-Veliz_Octubre_2024-768x1024.jpg 768w, https:\/\/situada.online\/wp-content\/uploads\/2024\/10\/Constanza-Gonzalez-Veliz_Octubre_2024-225x300.jpg 225w, https:\/\/situada.online\/wp-content\/uploads\/2024\/10\/Constanza-Gonzalez-Veliz_Octubre_2024-1152x1536.jpg 1152w, https:\/\/situada.online\/wp-content\/uploads\/2024\/10\/Constanza-Gonzalez-Veliz_Octubre_2024-1536x2048.jpg 1536w, https:\/\/situada.online\/wp-content\/uploads\/2024\/10\/Constanza-Gonzalez-Veliz_Octubre_2024-9x12.jpg 9w, https:\/\/situada.online\/wp-content\/uploads\/2024\/10\/Constanza-Gonzalez-Veliz_Octubre_2024-scaled.jpg 1920w\" sizes=\"auto, (max-width: 768px) 100vw, 768px\" \/><figcaption class=\"wp-element-caption\"><strong>Managing Director \u2013 Researcher<\/strong><br><a href=\"mailto:constanza@situada.online\" target=\"_blank\" rel=\"noreferrer noopener\">constanza@situada.online<\/a><br><br><em>Estudiante de Doctorado en Ciencias, M\u00e1ster en Estudios Feministas, Mag\u00edster (c) en Gesti\u00f3n Tecnol\u00f3gica e Ingeniera Forestal<\/em><\/figcaption><\/figure>\n<\/div>\n\n\n\n<div class=\"wp-block-uagb-container uagb-block-74e188b9\">\n<div class=\"wp-block-uagb-info-box uagb-block-e96b8fe5 uagb-infobox__content-wrap  uagb-infobox-icon-above-title uagb-infobox-image-valign-top\"><div class=\"uagb-ifb-content\"><div class=\"uagb-ifb-title-wrap\"><h3 class=\"uagb-ifb-title\"><strong>Constanza Gonz\u00e1lez-V\u00e9liz<\/strong><\/h3><\/div><p class=\"uagb-ifb-desc\">Soy investigadora feminista y trabajo en la intersecci\u00f3n entre mujeres, ciencia y tecnolog\u00eda desde una perspectiva latinoamericana. Me interesan temas como la participaci\u00f3n de mujeres en estos campos, los sesgos de g\u00e9nero y el acceso justo al conocimiento.<br><br>Mi enfoque parte de la investigaci\u00f3n situada, entendiendo que todo saber se construye desde un lugar espec\u00edfico. Me interesa pensar c\u00f3mo producimos conocimiento, con qu\u00e9 tecnolog\u00edas y desde qu\u00e9 territorios.<br><br>Colaboro con iniciativas que buscan transformar la forma en que entendemos y usamos la tecnolog\u00eda, impulsando alternativas cr\u00edticas, responsables y conectadas con las urgencias sociales y ecol\u00f3gicas de Am\u00e9rica Latina.<\/p><div class=\"uagb-ifb-button-wrapper wp-block-button\"><a href=\"https:\/\/constanzagonzalezveliz.com\/\" class=\"uagb-infobox-cta-link wp-block-button__link\" target=\"_blank\" rel=\"noopener noreferrer\" onclick=\"return true;\"><span class=\"uagb-inline-editing\">Read more<\/span><svg xmlns=\"https:\/\/www.w3.org\/2000\/svg\" viewbox=\"0 0 512 512\"><path d=\"M504.3 273.6l-112.1 104c-6.992 6.484-17.18 8.218-25.94 4.406c-8.758-3.812-14.42-12.45-14.42-21.1L351.9 288H32C14.33 288 .0002 273.7 .0002 255.1S14.33 224 32 224h319.9l0-72c0-9.547 5.66-18.19 14.42-22c8.754-3.809 18.95-2.075 25.94 4.41l112.1 104C514.6 247.9 514.6 264.1 504.3 273.6z\"><\/path><\/svg><\/a><\/div><\/div><\/div>\n<\/div>\n<\/div>\n<\/div><\/div>\n\n\n\n<div style=\"height:100px\" aria-hidden=\"true\" class=\"wp-block-spacer\"><\/div>\n\n\n\n<div class=\"wp-block-uagb-container uagb-block-dc125bd4 alignfull uagb-is-root-container\"><div class=\"uagb-container-inner-blocks-wrap\">\n<div class=\"wp-block-uagb-container uagb-block-9f49e75c\">\n<figure class=\"wp-block-image aligncenter size-large is-resized\"><img loading=\"lazy\" decoding=\"async\" width=\"844\" height=\"1024\" src=\"https:\/\/situada.online\/wp-content\/uploads\/2024\/10\/Ximena-Cuzcano-Chavez_Situada-2-844x1024.jpeg\" alt=\"\" class=\"wp-image-3764\" style=\"width:295px;height:auto\" srcset=\"https:\/\/situada.online\/wp-content\/uploads\/2024\/10\/Ximena-Cuzcano-Chavez_Situada-2-844x1024.jpeg 844w, https:\/\/situada.online\/wp-content\/uploads\/2024\/10\/Ximena-Cuzcano-Chavez_Situada-2-247x300.jpeg 247w, https:\/\/situada.online\/wp-content\/uploads\/2024\/10\/Ximena-Cuzcano-Chavez_Situada-2-768x932.jpeg 768w, https:\/\/situada.online\/wp-content\/uploads\/2024\/10\/Ximena-Cuzcano-Chavez_Situada-2-10x12.jpeg 10w, https:\/\/situada.online\/wp-content\/uploads\/2024\/10\/Ximena-Cuzcano-Chavez_Situada-2.jpeg 1180w\" sizes=\"auto, (max-width: 844px) 100vw, 844px\" \/><figcaption class=\"wp-element-caption\"><strong>Researcher<\/strong><br><a href=\"mailto:ximena@situada.online\">ximena@situada.online<\/a><br><br><em>Estudiante del Mag\u00edster en \u00c9ticas Aplicadas, M\u00e1ster en Ciberseguridad e Ingeniera de Sistemas.<\/em><\/figcaption><\/figure>\n<\/div>\n\n\n\n<div class=\"wp-block-uagb-container uagb-block-c54ab28c\">\n<div class=\"wp-block-uagb-info-box uagb-block-9266e0e5 uagb-infobox__content-wrap  uagb-infobox-icon-above-title uagb-infobox-image-valign-top\"><div class=\"uagb-ifb-content\"><div class=\"uagb-ifb-title-wrap\"><h3 class=\"uagb-ifb-title\"><strong><strong>Ximena Cuzcano-Chavez<\/strong><\/strong><\/h3><\/div><p class=\"uagb-ifb-desc\">Peruvian researcher interested in exploring the convergence between technology, digital security, and social justice with an intersectional approach.<br><br>She is committed to researching and analyzing critical issues in the digital world, examining how technology impacts differently on diverse communities and groups in society.<br><br>She aspires that her research will encourage constructive debate and collaboration among diverse actors to find efficient solutions to the challenges of the digital world, thus contributing to building a more equitable world.<br><\/p><div class=\"uagb-ifb-button-wrapper wp-block-button\"><a href=\"https:\/\/ximenacuzcanochavez.com\/\" class=\"uagb-infobox-cta-link wp-block-button__link\" target=\"_blank\" rel=\"noopener noreferrer\" onclick=\"return true;\"><span class=\"uagb-inline-editing\">Read more<\/span><svg xmlns=\"https:\/\/www.w3.org\/2000\/svg\" viewbox=\"0 0 512 512\"><path d=\"M504.3 273.6l-112.1 104c-6.992 6.484-17.18 8.218-25.94 4.406c-8.758-3.812-14.42-12.45-14.42-21.1L351.9 288H32C14.33 288 .0002 273.7 .0002 255.1S14.33 224 32 224h319.9l0-72c0-9.547 5.66-18.19 14.42-22c8.754-3.809 18.95-2.075 25.94 4.41l112.1 104C514.6 247.9 514.6 264.1 504.3 273.6z\"><\/path><\/svg><\/a><\/div><\/div><\/div>\n<\/div>\n<\/div><\/div>\n\n\n\n<div style=\"height:100px\" aria-hidden=\"true\" class=\"wp-block-spacer\"><\/div>\n\n\n\n<div class=\"wp-block-uagb-container uagb-block-806b1a77 alignfull uagb-is-root-container\"><div class=\"uagb-container-inner-blocks-wrap\">\n<div class=\"wp-block-uagb-container uagb-block-8dfc92e2\">\n<figure class=\"wp-block-image aligncenter size-large is-resized\"><img loading=\"lazy\" decoding=\"async\" width=\"780\" height=\"1024\" src=\"https:\/\/situada.online\/wp-content\/uploads\/2024\/10\/Alexandra-Arrascue-780x1024.jpg\" alt=\"\" class=\"wp-image-4115\" style=\"width:295px;height:auto\" srcset=\"https:\/\/situada.online\/wp-content\/uploads\/2024\/10\/Alexandra-Arrascue-780x1024.jpg 780w, https:\/\/situada.online\/wp-content\/uploads\/2024\/10\/Alexandra-Arrascue-228x300.jpg 228w, https:\/\/situada.online\/wp-content\/uploads\/2024\/10\/Alexandra-Arrascue-768x1009.jpg 768w, https:\/\/situada.online\/wp-content\/uploads\/2024\/10\/Alexandra-Arrascue-9x12.jpg 9w, https:\/\/situada.online\/wp-content\/uploads\/2024\/10\/Alexandra-Arrascue.jpg 1028w\" sizes=\"auto, (max-width: 780px) 100vw, 780px\" \/><figcaption class=\"wp-element-caption\"><strong>Illustrator<\/strong><\/figcaption><\/figure>\n<\/div>\n\n\n\n<div class=\"wp-block-uagb-container uagb-block-91f97c28\">\n<div class=\"wp-block-uagb-info-box uagb-block-be5f2975 uagb-infobox__content-wrap  uagb-infobox-icon-above-title uagb-infobox-image-valign-top\"><div class=\"uagb-ifb-content\"><div class=\"uagb-ifb-title-wrap\"><h3 class=\"uagb-ifb-title\"><strong><strong>Alexandra Arrascue<\/strong><\/strong><\/h3><\/div><p class=\"uagb-ifb-desc\">Immigrant Peruvian independent artist learning about social justice, fighting for immigrant\u2019s rights alongside her people.<br><br>She creates illustrations and animations with technological and traditional media, exploring different opportunities and ideas to aid her people through her art. Occasionally bringing smiles to faces and inspiring people with her work.<br><br>Her goal is to leave an impact in the community, to move people\u2019s hearts with her creations, and to communicate through her art. To also collaborate with different organizations to achieve the goals we set for ourselves.<br><\/p><div class=\"uagb-ifb-button-wrapper wp-block-button\"><a href=\"https:\/\/alexandraarrascue.wixsite.com\/alearrascueportfolio\" class=\"uagb-infobox-cta-link wp-block-button__link\" target=\"_blank\" rel=\"noopener noreferrer\" onclick=\"return true;\"><span class=\"uagb-inline-editing\">Read more<\/span><svg xmlns=\"https:\/\/www.w3.org\/2000\/svg\" viewbox=\"0 0 512 512\"><path d=\"M504.3 273.6l-112.1 104c-6.992 6.484-17.18 8.218-25.94 4.406c-8.758-3.812-14.42-12.45-14.42-21.1L351.9 288H32C14.33 288 .0002 273.7 .0002 255.1S14.33 224 32 224h319.9l0-72c0-9.547 5.66-18.19 14.42-22c8.754-3.809 18.95-2.075 25.94 4.41l112.1 104C514.6 247.9 514.6 264.1 504.3 273.6z\"><\/path><\/svg><\/a><\/div><\/div><\/div>\n<\/div>\n<\/div><\/div>\n\n\n\n<div class=\"wp-block-uagb-separator uagb-block-b9afbc29\"><div class=\"uagb-separator-spacing-wrapper\"><div class=\"wp-block-uagb-separator__inner\" style=\"--my-background-image:\"><\/div><\/div><\/div>\n\n\n\n<p><\/p>","protected":false},"excerpt":{"rendered":"<p>About Us<\/p>","protected":false},"author":1,"featured_media":0,"parent":0,"menu_order":0,"comment_status":"closed","ping_status":"closed","template":"","meta":{"_uag_custom_page_level_css":"","site-sidebar-layout":"no-sidebar","site-content-layout":"page-builder","ast-site-content-layout":"full-width-container","site-content-style":"unboxed","site-sidebar-style":"unboxed","ast-global-header-display":"","ast-banner-title-visibility":"","ast-main-header-display":"","ast-hfb-above-header-display":"","ast-hfb-below-header-display":"","ast-hfb-mobile-header-display":"","site-post-title":"disabled","ast-breadcrumbs-content":"","ast-featured-img":"disabled","footer-sml-layout":"","theme-transparent-header-meta":"enabled","adv-header-id-meta":"","stick-header-meta":"","header-above-stick-meta":"","header-main-stick-meta":"","header-below-stick-meta":"","astra-migrate-meta-layouts":"set","ast-page-background-enabled":"default","ast-page-background-meta":{"desktop":{"background-color":"var(--ast-global-color-4)","background-image":"","background-repeat":"repeat","background-position":"center center","background-size":"auto","background-attachment":"scroll","background-type":"","background-media":"","overlay-type":"","overlay-color":"","overlay-opacity":"","overlay-gradient":""},"tablet":{"background-color":"","background-image":"","background-repeat":"repeat","background-position":"center center","background-size":"auto","background-attachment":"scroll","background-type":"","background-media":"","overlay-type":"","overlay-color":"","overlay-opacity":"","overlay-gradient":""},"mobile":{"background-color":"","background-image":"","background-repeat":"repeat","background-position":"center center","background-size":"auto","background-attachment":"scroll","background-type":"","background-media":"","overlay-type":"","overlay-color":"","overlay-opacity":"","overlay-gradient":""}},"ast-content-background-meta":{"desktop":{"background-color":"var(--ast-global-color-5)","background-image":"","background-repeat":"repeat","background-position":"center center","background-size":"auto","background-attachment":"scroll","background-type":"","background-media":"","overlay-type":"","overlay-color":"","overlay-opacity":"","overlay-gradient":""},"tablet":{"background-color":"var(--ast-global-color-5)","background-image":"","background-repeat":"repeat","background-position":"center center","background-size":"auto","background-attachment":"scroll","background-type":"","background-media":"","overlay-type":"","overlay-color":"","overlay-opacity":"","overlay-gradient":""},"mobile":{"background-color":"var(--ast-global-color-5)","background-image":"","background-repeat":"repeat","background-position":"center center","background-size":"auto","background-attachment":"scroll","background-type":"","background-media":"","overlay-type":"","overlay-color":"","overlay-opacity":"","overlay-gradient":""}},"footnotes":""},"class_list":["post-1326","page","type-page","status-publish","hentry"],"uagb_featured_image_src":{"full":false,"thumbnail":false,"medium":false,"medium_large":false,"large":false,"1536x1536":false,"2048x2048":false,"trp-custom-language-flag":false},"uagb_author_info":{"display_name":"situada.online","author_link":"https:\/\/situada.online\/en\/author\/situada-online\/"},"uagb_comment_info":0,"uagb_excerpt":"Nosotras","_links":{"self":[{"href":"https:\/\/situada.online\/en\/wp-json\/wp\/v2\/pages\/1326","targetHints":{"allow":["GET"]}}],"collection":[{"href":"https:\/\/situada.online\/en\/wp-json\/wp\/v2\/pages"}],"about":[{"href":"https:\/\/situada.online\/en\/wp-json\/wp\/v2\/types\/page"}],"author":[{"embeddable":true,"href":"https:\/\/situada.online\/en\/wp-json\/wp\/v2\/users\/1"}],"replies":[{"embeddable":true,"href":"https:\/\/situada.online\/en\/wp-json\/wp\/v2\/comments?post=1326"}],"version-history":[{"count":62,"href":"https:\/\/situada.online\/en\/wp-json\/wp\/v2\/pages\/1326\/revisions"}],"predecessor-version":[{"id":4643,"href":"https:\/\/situada.online\/en\/wp-json\/wp\/v2\/pages\/1326\/revisions\/4643"}],"wp:attachment":[{"href":"https:\/\/situada.online\/en\/wp-json\/wp\/v2\/media?parent=1326"}],"curies":[{"name":"wp","href":"https:\/\/api.w.org\/{rel}","templated":true}]}}