{"id":1324,"date":"2022-02-24T05:03:32","date_gmt":"2022-02-24T05:03:32","guid":{"rendered":"https:\/\/situada.online\/index.php\/about\/"},"modified":"2025-02-01T17:38:53","modified_gmt":"2025-02-01T20:38:53","slug":"sobresituada","status":"publish","type":"page","link":"https:\/\/situada.online\/en\/sobresituada\/","title":{"rendered":"About Situada"},"content":{"rendered":"<div class=\"wp-block-uagb-container uagb-block-3ad17e27 alignfull uagb-is-root-container\"><div class=\"uagb-container-inner-blocks-wrap\">\n<div class=\"wp-block-uagb-advanced-heading uagb-block-8a1eebc0\"><h1 class=\"uagb-heading-text\">About Situada<\/h1><\/div>\n<\/div><\/div>\n\n\n\n<div class=\"wp-block-uagb-container uagb-block-7e8d0ac3 alignfull uagb-is-root-container\"><div class=\"uagb-container-inner-blocks-wrap\">\n<div class=\"wp-block-uagb-advanced-heading uagb-block-58ee4bb7\"><h2 class=\"uagb-heading-text\">From a critical perspective, we explore and question the power dynamics in technology in Latin America and the Caribbean, seeking to transform them towards a more socially just world.<\/h2><\/div>\n<\/div><\/div>\n\n\n\n<div class=\"wp-block-uagb-container uagb-block-4c903b35 alignfull uagb-is-root-container\"><div class=\"uagb-container-inner-blocks-wrap\">\n<div style=\"height:35px\" aria-hidden=\"true\" class=\"wp-block-spacer\"><\/div>\n\n\n\n<div class=\"wp-block-uagb-advanced-heading uagb-block-f8a319f3\"><h2 class=\"uagb-heading-text\"><strong>Thematic Lines<\/strong><\/h2><div class=\"uagb-separator\"><\/div><\/div>\n\n\n\n<div class=\"wp-block-uagb-advanced-heading uagb-block-f3c8a09f\"><h2 class=\"uagb-heading-text\">We explore the dynamics of collective resistance in Latin America and the Caribbean from a feminist and situated perspective. We focus on how communities use technology to challenge power structures and move toward social justice. In addition, we address digital violence, strengthening digital autonomy with innovative strategies. Integrating environmental sustainability, we seek to promote responsible and equitable technological development in our region.<\/h2><\/div>\n\n\n\n<div class=\"wp-block-uagb-container uagb-block-1c503ce9 alignfull uagb-is-root-container\"><div class=\"uagb-container-inner-blocks-wrap\">\n<div class=\"wp-block-uagb-container uagb-block-ab85344c\">\n<div class=\"wp-block-cover is-light\"><span aria-hidden=\"true\" class=\"wp-block-cover__background has-background-dim\" style=\"background-color:#8b8dab\"><\/span><img loading=\"lazy\" decoding=\"async\" width=\"7094\" height=\"9400\" class=\"wp-block-cover__image-background wp-image-4506\" alt=\"\" src=\"https:\/\/situada.online\/wp-content\/uploads\/2025\/01\/Situada_LineaTematica_1_2024-1.png\" style=\"object-position:50% 72%\" data-object-fit=\"cover\" data-object-position=\"50% 72%\" srcset=\"https:\/\/situada.online\/wp-content\/uploads\/2025\/01\/Situada_LineaTematica_1_2024-1.png 7094w, https:\/\/situada.online\/wp-content\/uploads\/2025\/01\/Situada_LineaTematica_1_2024-1-226x300.png 226w, https:\/\/situada.online\/wp-content\/uploads\/2025\/01\/Situada_LineaTematica_1_2024-1-773x1024.png 773w, https:\/\/situada.online\/wp-content\/uploads\/2025\/01\/Situada_LineaTematica_1_2024-1-768x1018.png 768w, https:\/\/situada.online\/wp-content\/uploads\/2025\/01\/Situada_LineaTematica_1_2024-1-1159x1536.png 1159w, https:\/\/situada.online\/wp-content\/uploads\/2025\/01\/Situada_LineaTematica_1_2024-1-1546x2048.png 1546w, https:\/\/situada.online\/wp-content\/uploads\/2025\/01\/Situada_LineaTematica_1_2024-1-9x12.png 9w\" sizes=\"auto, (max-width: 7094px) 100vw, 7094px\" \/><div class=\"wp-block-cover__inner-container is-layout-constrained wp-block-cover-is-layout-constrained\">\n<div class=\"wp-block-uagb-advanced-heading uagb-block-1e04ab40\"><h2 class=\"uagb-heading-text\"><strong><strong><mark style=\"background-color:var(--ast-global-color-0)\" class=\"has-inline-color has-ast-global-color-5-color\">Feminismo y Tecnolog\u00eda<\/mark><\/strong><\/strong><\/h2><\/div>\n<\/div><\/div>\n\n\n\n<div class=\"wp-block-uagb-advanced-heading uagb-block-b928542d\"><h2 class=\"uagb-heading-text\">We explore the dynamics of collective resistance in Latin America and the Caribbean, focusing on women's experiences and their use of technological practices to challenge power structures and promote social justice.<\/h2><div class=\"uagb-separator\"><\/div><\/div>\n<\/div>\n\n\n\n<div class=\"wp-block-uagb-container uagb-block-f1b535d3\">\n<div class=\"wp-block-cover is-light\"><span aria-hidden=\"true\" class=\"wp-block-cover__background has-background-dim\" style=\"background-color:#7c83b2\"><\/span><img loading=\"lazy\" decoding=\"async\" width=\"7094\" height=\"9400\" class=\"wp-block-cover__image-background wp-image-4504\" alt=\"\" src=\"https:\/\/situada.online\/wp-content\/uploads\/2025\/01\/Situada_LineaTematica_2_2024.png\" data-object-fit=\"cover\" srcset=\"https:\/\/situada.online\/wp-content\/uploads\/2025\/01\/Situada_LineaTematica_2_2024.png 7094w, https:\/\/situada.online\/wp-content\/uploads\/2025\/01\/Situada_LineaTematica_2_2024-226x300.png 226w, https:\/\/situada.online\/wp-content\/uploads\/2025\/01\/Situada_LineaTematica_2_2024-773x1024.png 773w, https:\/\/situada.online\/wp-content\/uploads\/2025\/01\/Situada_LineaTematica_2_2024-768x1018.png 768w, https:\/\/situada.online\/wp-content\/uploads\/2025\/01\/Situada_LineaTematica_2_2024-1159x1536.png 1159w, https:\/\/situada.online\/wp-content\/uploads\/2025\/01\/Situada_LineaTematica_2_2024-1546x2048.png 1546w, https:\/\/situada.online\/wp-content\/uploads\/2025\/01\/Situada_LineaTematica_2_2024-9x12.png 9w\" sizes=\"auto, (max-width: 7094px) 100vw, 7094px\" \/><div class=\"wp-block-cover__inner-container is-layout-constrained wp-block-cover-is-layout-constrained\">\n<div class=\"wp-block-uagb-advanced-heading uagb-block-3f6a6db4\"><h2 class=\"uagb-heading-text\"><strong><strong><mark style=\"background-color:var(--ast-global-color-0)\" class=\"has-inline-color has-ast-global-color-5-color\">Seguridad Digital<\/mark><\/strong><\/strong><\/h2><\/div>\n<\/div><\/div>\n\n\n\n<div class=\"wp-block-uagb-advanced-heading uagb-block-a0651f98\"><h2 class=\"uagb-heading-text\">We research and develop tools to strengthen the digital security of women and groups in resistance, promoting autonomy and social justice through innovative, inclusive, and ethical approaches in the digital era.<\/h2><div class=\"uagb-separator\"><\/div><\/div>\n<\/div>\n\n\n\n<div class=\"wp-block-uagb-container uagb-block-df1ee9ff\">\n<div class=\"wp-block-cover\"><span aria-hidden=\"true\" class=\"wp-block-cover__background has-background-dim\" style=\"background-color:#69769a\"><\/span><img loading=\"lazy\" decoding=\"async\" width=\"7094\" height=\"9400\" class=\"wp-block-cover__image-background wp-image-4505\" alt=\"\" src=\"https:\/\/situada.online\/wp-content\/uploads\/2025\/01\/Situada_LineaTematica_3_2024.png\" data-object-fit=\"cover\" srcset=\"https:\/\/situada.online\/wp-content\/uploads\/2025\/01\/Situada_LineaTematica_3_2024.png 7094w, https:\/\/situada.online\/wp-content\/uploads\/2025\/01\/Situada_LineaTematica_3_2024-226x300.png 226w, https:\/\/situada.online\/wp-content\/uploads\/2025\/01\/Situada_LineaTematica_3_2024-773x1024.png 773w, https:\/\/situada.online\/wp-content\/uploads\/2025\/01\/Situada_LineaTematica_3_2024-768x1018.png 768w, https:\/\/situada.online\/wp-content\/uploads\/2025\/01\/Situada_LineaTematica_3_2024-1159x1536.png 1159w, https:\/\/situada.online\/wp-content\/uploads\/2025\/01\/Situada_LineaTematica_3_2024-1546x2048.png 1546w, https:\/\/situada.online\/wp-content\/uploads\/2025\/01\/Situada_LineaTematica_3_2024-9x12.png 9w\" sizes=\"auto, (max-width: 7094px) 100vw, 7094px\" \/><div class=\"wp-block-cover__inner-container is-layout-constrained wp-block-cover-is-layout-constrained\">\n<div class=\"wp-block-uagb-advanced-heading uagb-block-9e4a3e26\"><h2 class=\"uagb-heading-text\"><strong><strong><mark style=\"background-color:var(--ast-global-color-0)\" class=\"has-inline-color has-ast-global-color-5-color\">Medioambiente Sostenible<\/mark><\/strong><\/strong><\/h2><\/div>\n<\/div><\/div>\n\n\n\n<div class=\"wp-block-uagb-advanced-heading uagb-block-a611a6da\"><h2 class=\"uagb-heading-text\">We research and develop tools to strengthen the digital security of women and groups in resistance, promoting autonomy and social justice through innovative, inclusive, and ethical approaches in the digital era.<\/h2><div class=\"uagb-separator\"><\/div><\/div>\n<\/div>\n<\/div><\/div>\n\n\n\n<div style=\"height:50px\" aria-hidden=\"true\" class=\"wp-block-spacer\"><\/div>\n<\/div><\/div>\n\n\n\n<div class=\"wp-block-uagb-container uag-hide-desktop uag-hide-tab uag-hide-mob uagb-block-3228608a alignfull uagb-is-root-container\"><div class=\"uagb-container-inner-blocks-wrap\">\n<div style=\"height:35px\" aria-hidden=\"true\" class=\"wp-block-spacer\"><\/div>\n\n\n\n<div class=\"wp-block-uagb-advanced-heading uagb-block-04ac1744\"><h2 class=\"uagb-heading-text\"><strong>Thematic Lines<\/strong><\/h2><div class=\"uagb-separator\"><\/div><\/div>\n\n\n\n<div class=\"wp-block-uagb-container uagb-block-71bdc441 alignfull uagb-is-root-container\"><div class=\"uagb-container-inner-blocks-wrap\">\n<div class=\"wp-block-uagb-container uagb-block-f1fe862f\">\n<div class=\"wp-block-uagb-info-box uagb-block-a24d3380 uagb-infobox__content-wrap  uagb-infobox-icon-above-title uagb-infobox-image-valign-top\"><div class=\"uagb-ifb-content\"><div class=\"uagb-ifb-icon-wrap\"><svg xmlns=\"https:\/\/www.w3.org\/2000\/svg\" viewbox=\"0 0 512 512\"><path d=\"M0 256C0 114.6 114.6 0 256 0C397.4 0 512 114.6 512 256C512 397.4 397.4 512 256 512C114.6 512 0 397.4 0 256zM371.8 211.8C382.7 200.9 382.7 183.1 371.8 172.2C360.9 161.3 343.1 161.3 332.2 172.2L224 280.4L179.8 236.2C168.9 225.3 151.1 225.3 140.2 236.2C129.3 247.1 129.3 264.9 140.2 275.8L204.2 339.8C215.1 350.7 232.9 350.7 243.8 339.8L371.8 211.8z\"><\/path><\/svg><\/div><div class=\"uagb-ifb-title-wrap\"><h3 class=\"uagb-ifb-title\"><strong><strong>Collective Resistance, Feminism, and Technology<\/strong><\/strong><\/h3><\/div><p class=\"uagb-ifb-desc\">We explore the dynamics of collective resistance in our region, with a critical focus on women's experiences. We investigate how they use technological practices to challenge established power structures. Our projects focus on understanding and documenting innovative strategies that digitally transform social struggles. We recognize the importance of situated knowledge and collective action as fundamental to building another possible world.<\/p><\/div><\/div>\n<\/div>\n\n\n\n<div class=\"wp-block-uagb-container uagb-block-0b49865f\">\n<div class=\"wp-block-uagb-info-box uagb-block-c5c73df9 uagb-infobox__content-wrap  uagb-infobox-icon-above-title uagb-infobox-image-valign-top\"><div class=\"uagb-ifb-content\"><div class=\"uagb-ifb-icon-wrap\"><svg xmlns=\"https:\/\/www.w3.org\/2000\/svg\" viewbox=\"0 0 512 512\"><path d=\"M0 256C0 114.6 114.6 0 256 0C397.4 0 512 114.6 512 256C512 397.4 397.4 512 256 512C114.6 512 0 397.4 0 256zM371.8 211.8C382.7 200.9 382.7 183.1 371.8 172.2C360.9 161.3 343.1 161.3 332.2 172.2L224 280.4L179.8 236.2C168.9 225.3 151.1 225.3 140.2 236.2C129.3 247.1 129.3 264.9 140.2 275.8L204.2 339.8C215.1 350.7 232.9 350.7 243.8 339.8L371.8 211.8z\"><\/path><\/svg><\/div><div class=\"uagb-ifb-title-wrap\"><h3 class=\"uagb-ifb-title\"><strong><strong>Autonomy and Digital Security in LAC<\/strong><\/strong><\/h3><\/div><p class=\"uagb-ifb-desc\">We are dedicated to addressing the various forms of digital violence that disproportionately affect women. We investigate how digital control harms those who challenge established power structures. Our projects focus on developing innovative strategies and security tools that protect and strengthen these communities. Our goal is to promote digital autonomy and social justice through the ethical and safe use of technology.<\/p><\/div><\/div>\n<\/div>\n\n\n\n<div class=\"wp-block-uagb-container uagb-block-296760fd\">\n<div class=\"wp-block-uagb-info-box uagb-block-e03f3c0e uagb-infobox__content-wrap  uagb-infobox-icon-above-title uagb-infobox-image-valign-top\"><div class=\"uagb-ifb-content\"><div class=\"uagb-ifb-icon-wrap\"><svg xmlns=\"https:\/\/www.w3.org\/2000\/svg\" viewbox=\"0 0 512 512\"><path d=\"M0 256C0 114.6 114.6 0 256 0C397.4 0 512 114.6 512 256C512 397.4 397.4 512 256 512C114.6 512 0 397.4 0 256zM371.8 211.8C382.7 200.9 382.7 183.1 371.8 172.2C360.9 161.3 343.1 161.3 332.2 172.2L224 280.4L179.8 236.2C168.9 225.3 151.1 225.3 140.2 236.2C129.3 247.1 129.3 264.9 140.2 275.8L204.2 339.8C215.1 350.7 232.9 350.7 243.8 339.8L371.8 211.8z\"><\/path><\/svg><\/div><div class=\"uagb-ifb-title-wrap\"><h3 class=\"uagb-ifb-title\"><strong><strong>Technology and Sustainable Environment<\/strong><\/strong><\/h3><\/div><p class=\"uagb-ifb-desc\">We investigate technology's political, social, and environmental impact, prioritizing responsible technological practices. By integrating environmental sustainability into our research and proposals, we seek to understand and mitigate the adverse effects of emerging technology on Nature. Our approach includes promoting technologies that respect ecological limits and contribute to more equitable and sustainable development in Latin America and the Caribbean.<\/p><\/div><\/div>\n<\/div>\n<\/div><\/div>\n\n\n\n<div style=\"height:35px\" aria-hidden=\"true\" class=\"wp-block-spacer\"><\/div>\n<\/div><\/div>\n\n\n\n<div class=\"wp-block-uagb-container uagb-block-83da163b alignfull uagb-is-root-container\"><div class=\"uagb-container-inner-blocks-wrap\">\n<div style=\"height:35px\" aria-hidden=\"true\" class=\"wp-block-spacer\"><\/div>\n\n\n\n<div class=\"wp-block-uagb-advanced-heading uagb-block-ec1830d1\"><h2 class=\"uagb-heading-text\"><strong>Our Purpose<\/strong><\/h2><div class=\"uagb-separator\"><\/div><\/div>\n\n\n\n<div class=\"wp-block-uagb-container uagb-block-7db51298 alignfull uagb-is-root-container\"><div class=\"uagb-container-inner-blocks-wrap\">\n<div class=\"wp-block-uagb-container uagb-block-c170df10\">\n<div class=\"wp-block-uagb-advanced-heading uagb-block-9c2482a7\"><h2 class=\"uagb-heading-text\">We aspire to build a diverse and collaborative community of researchers, activists, and professionals committed to gender equality and social justice in our region.<\/h2><\/div>\n\n\n\n<div class=\"wp-block-uagb-advanced-heading uagb-block-5f55a4a9\"><h2 class=\"uagb-heading-text\">Our approach addresses technological, social, and environmental challenges through situated knowledge and collective action. We research to understand and document strategies that strengthen collective resistance, promote digital autonomy, and respect ecological limits, thus contributing to a more just and inclusive future.<\/h2><\/div>\n\n\n\n<div class=\"wp-block-uagb-advanced-heading uagb-block-857d4abd\"><h2 class=\"uagb-heading-text\">We explore and promote collective resistance in Latin America and the Caribbean from a feminist and situated perspective. We investigate the impact of technology and defend digital autonomy, integrating environmental sustainability. We are committed to building situated knowledge and promoting ethical and technological practices to create a more just, inclusive, and sustainable society.<\/h2><\/div>\n<\/div>\n<\/div><\/div>\n\n\n\n<div style=\"height:35px\" aria-hidden=\"true\" class=\"wp-block-spacer\"><\/div>\n<\/div><\/div>\n\n\n\n<div style=\"height:50px\" aria-hidden=\"true\" class=\"wp-block-spacer\"><\/div>\n\n\n\n<div class=\"wp-block-uagb-container uagb-block-1ae945e5 alignfull uagb-is-root-container\"><div class=\"uagb-container-inner-blocks-wrap\">\n<div class=\"wp-block-uagb-container uagb-block-5b5d72c5\">\n<div class=\"wp-block-uagb-info-box uagb-block-d76482b4 uagb-infobox__content-wrap  uagb-infobox-icon-above-title uagb-infobox-image-valign-top\"><div class=\"uagb-ifb-content\"><div class=\"uagb-ifb-title-wrap\"><h3 class=\"uagb-ifb-title\"><strong>Situated Knowledges<\/strong><\/h3><\/div><p class=\"uagb-ifb-desc\">We embrace the concept of situated knowledge as a fundamental guide to our work and our vision of a better world. We recognize that knowledge is neither objective nor neutral but is deeply influenced by the social, historical, and cultural context in which it is generated.<br><br>This approach allows us to value and respect the multiple voices and experiences that enrich our world understanding. We question the idea of \u200b\u200ba single truth and celebrate the diversity of perspectives contributing to our collective understanding.<br><br>By adopting this approach, we seek to make visible and value the contributions of people historically marginalized or excluded from dominant discourses. We strive to create an inclusive space where everyone feels safe and valued.<\/p><div class=\"uagb-ifb-button-wrapper wp-block-button\"><a href=\"https:\/\/conocimiento.situada.online\/\" class=\"uagb-infobox-cta-link wp-block-button__link\" target=\"_blank\" rel=\"noopener noreferrer\" onclick=\"return true;\"><span class=\"uagb-inline-editing\">Read more<\/span><svg xmlns=\"https:\/\/www.w3.org\/2000\/svg\" viewbox=\"0 0 512 512\"><path d=\"M504.3 273.6l-112.1 104c-6.992 6.484-17.18 8.218-25.94 4.406c-8.758-3.812-14.42-12.45-14.42-21.1L351.9 288H32C14.33 288 .0002 273.7 .0002 255.1S14.33 224 32 224h319.9l0-72c0-9.547 5.66-18.19 14.42-22c8.754-3.809 18.95-2.075 25.94 4.41l112.1 104C514.6 247.9 514.6 264.1 504.3 273.6z\"><\/path><\/svg><\/a><\/div><\/div><\/div>\n<\/div>\n\n\n\n<div class=\"wp-block-uagb-container uagb-block-b98f0b51\">\n<div class=\"wp-block-uagb-image alignright uagb-block-6ee9ae80 wp-block-uagb-image--layout-default wp-block-uagb-image--effect-static wp-block-uagb-image--align-right\"><figure class=\"wp-block-uagb-image__figure\"><img decoding=\"async\" srcset=\"https:\/\/situada.online\/wp-content\/uploads\/2024\/04\/Imagen_situated-knowledge.png 1080w, https:\/\/situada.online\/wp-content\/uploads\/2024\/04\/Imagen_situated-knowledge-300x300.png 300w, https:\/\/situada.online\/wp-content\/uploads\/2024\/04\/Imagen_situated-knowledge-1024x1024.png 1024w, https:\/\/situada.online\/wp-content\/uploads\/2024\/04\/Imagen_situated-knowledge-150x150.png 150w, https:\/\/situada.online\/wp-content\/uploads\/2024\/04\/Imagen_situated-knowledge-768x768.png 768w, https:\/\/situada.online\/wp-content\/uploads\/2024\/04\/Imagen_situated-knowledge-12x12.png 12w\" sizes=\"auto, (max-width: 480px) 150px\" src=\"http:\/\/situada.online\/wp-content\/uploads\/2024\/04\/Imagen_situated-knowledge.png\" alt=\"\" class=\"uag-image-2868\" width=\"452\" height=\"452\" title=\"Logo_conocimientos situados\" loading=\"lazy\" role=\"img\"\/><\/figure><\/div>\n<\/div>\n<\/div><\/div>\n\n\n\n<div style=\"height:35px\" aria-hidden=\"true\" class=\"wp-block-spacer\"><\/div>\n\n\n\n<div class=\"wp-block-uagb-separator uagb-block-83991df0\"><div class=\"uagb-separator-spacing-wrapper\"><div class=\"wp-block-uagb-separator__inner\" style=\"--my-background-image:\"><\/div><\/div><\/div>\n\n\n\n<p><\/p>","protected":false},"excerpt":{"rendered":"<p>Sobre Situada Desde una perspectiva cr\u00edtica, exploramos y cuestionamos las din\u00e1micas de poder en la tecnolog\u00eda en Am\u00e9rica Latina y el Caribe, buscando transformarlas hacia un mundo socialmente m\u00e1s justo. L\u00edneas Tem\u00e1ticas Exploramos las din\u00e1micas de resistencia colectiva en Am\u00e9rica Latina y el Caribe desde una perspectiva feminista y situada. Nos centramos en c\u00f3mo las [&hellip;]<\/p>","protected":false},"author":1,"featured_media":0,"parent":0,"menu_order":0,"comment_status":"closed","ping_status":"closed","template":"","meta":{"_uag_custom_page_level_css":"","site-sidebar-layout":"no-sidebar","site-content-layout":"page-builder","ast-site-content-layout":"full-width-container","site-content-style":"unboxed","site-sidebar-style":"default","ast-global-header-display":"","ast-banner-title-visibility":"","ast-main-header-display":"","ast-hfb-above-header-display":"","ast-hfb-below-header-display":"","ast-hfb-mobile-header-display":"","site-post-title":"disabled","ast-breadcrumbs-content":"","ast-featured-img":"disabled","footer-sml-layout":"","theme-transparent-header-meta":"enabled","adv-header-id-meta":"","stick-header-meta":"","header-above-stick-meta":"","header-main-stick-meta":"","header-below-stick-meta":"","astra-migrate-meta-layouts":"set","ast-page-background-enabled":"default","ast-page-background-meta":{"desktop":{"background-color":"var(--ast-global-color-4)","background-image":"","background-repeat":"repeat","background-position":"center center","background-size":"auto","background-attachment":"scroll","background-type":"","background-media":"","overlay-type":"","overlay-color":"","overlay-opacity":"","overlay-gradient":""},"tablet":{"background-color":"","background-image":"","background-repeat":"repeat","background-position":"center center","background-size":"auto","background-attachment":"scroll","background-type":"","background-media":"","overlay-type":"","overlay-color":"","overlay-opacity":"","overlay-gradient":""},"mobile":{"background-color":"","background-image":"","background-repeat":"repeat","background-position":"center center","background-size":"auto","background-attachment":"scroll","background-type":"","background-media":"","overlay-type":"","overlay-color":"","overlay-opacity":"","overlay-gradient":""}},"ast-content-background-meta":{"desktop":{"background-color":"var(--ast-global-color-5)","background-image":"","background-repeat":"repeat","background-position":"center center","background-size":"auto","background-attachment":"scroll","background-type":"","background-media":"","overlay-type":"","overlay-color":"","overlay-opacity":"","overlay-gradient":""},"tablet":{"background-color":"var(--ast-global-color-5)","background-image":"","background-repeat":"repeat","background-position":"center center","background-size":"auto","background-attachment":"scroll","background-type":"","background-media":"","overlay-type":"","overlay-color":"","overlay-opacity":"","overlay-gradient":""},"mobile":{"background-color":"var(--ast-global-color-5)","background-image":"","background-repeat":"repeat","background-position":"center center","background-size":"auto","background-attachment":"scroll","background-type":"","background-media":"","overlay-type":"","overlay-color":"","overlay-opacity":"","overlay-gradient":""}},"footnotes":""},"class_list":["post-1324","page","type-page","status-publish","hentry"],"uagb_featured_image_src":{"full":false,"thumbnail":false,"medium":false,"medium_large":false,"large":false,"1536x1536":false,"2048x2048":false,"trp-custom-language-flag":false},"uagb_author_info":{"display_name":"situada.online","author_link":"https:\/\/situada.online\/en\/author\/situada-online\/"},"uagb_comment_info":0,"uagb_excerpt":"Sobre Situada Desde una perspectiva cr\u00edtica, exploramos y cuestionamos las din\u00e1micas de poder en la tecnolog\u00eda en Am\u00e9rica Latina y el Caribe, buscando transformarlas hacia un mundo socialmente m\u00e1s justo. L\u00edneas Tem\u00e1ticas Exploramos las din\u00e1micas de resistencia colectiva en Am\u00e9rica Latina y el Caribe desde una perspectiva feminista y situada. Nos centramos en c\u00f3mo las&hellip;","_links":{"self":[{"href":"https:\/\/situada.online\/en\/wp-json\/wp\/v2\/pages\/1324","targetHints":{"allow":["GET"]}}],"collection":[{"href":"https:\/\/situada.online\/en\/wp-json\/wp\/v2\/pages"}],"about":[{"href":"https:\/\/situada.online\/en\/wp-json\/wp\/v2\/types\/page"}],"author":[{"embeddable":true,"href":"https:\/\/situada.online\/en\/wp-json\/wp\/v2\/users\/1"}],"replies":[{"embeddable":true,"href":"https:\/\/situada.online\/en\/wp-json\/wp\/v2\/comments?post=1324"}],"version-history":[{"count":147,"href":"https:\/\/situada.online\/en\/wp-json\/wp\/v2\/pages\/1324\/revisions"}],"predecessor-version":[{"id":4544,"href":"https:\/\/situada.online\/en\/wp-json\/wp\/v2\/pages\/1324\/revisions\/4544"}],"wp:attachment":[{"href":"https:\/\/situada.online\/en\/wp-json\/wp\/v2\/media?parent=1324"}],"curies":[{"name":"wp","href":"https:\/\/api.w.org\/{rel}","templated":true}]}}